{"id":19,"date":"2023-09-12T15:36:25","date_gmt":"2023-09-12T18:36:25","guid":{"rendered":"https:\/\/neuroarteestimulos.com.br\/?page_id=19"},"modified":"2023-09-16T01:16:44","modified_gmt":"2023-09-16T04:16:44","slug":"sobre","status":"publish","type":"page","link":"https:\/\/neuroarteestimulos.com.br\/?page_id=19","title":{"rendered":"SOBRE"},"content":{"rendered":"\t\t<div data-elementor-type=\"wp-page\" data-elementor-id=\"19\" class=\"elementor elementor-19\">\n\t\t\t\t<div class=\"elementor-element elementor-element-01c86bb e-flex e-con-boxed e-con e-parent\" data-id=\"01c86bb\" data-element_type=\"container\">\n\t\t\t\t\t<div class=\"e-con-inner\">\n\t\t\t\t<div class=\"elementor-element elementor-element-79cf034 elementor-widget elementor-widget-heading\" data-id=\"79cf034\" data-element_type=\"widget\" data-widget_type=\"heading.default\">\n\t\t\t\t<div class=\"elementor-widget-container\">\n\t\t\t\t\t<h2 class=\"elementor-heading-title elementor-size-default\">Sobre<\/h2>\t\t\t\t<\/div>\n\t\t\t\t<\/div>\n\t\t\t\t\t<\/div>\n\t\t\t\t<\/div>\n\t\t<div class=\"elementor-element elementor-element-82f620f e-flex e-con-boxed e-con e-parent\" data-id=\"82f620f\" data-element_type=\"container\" data-settings=\"{&quot;background_background&quot;:&quot;slideshow&quot;,&quot;background_slideshow_gallery&quot;:[{&quot;id&quot;:85,&quot;url&quot;:&quot;https:\\\/\\\/neuroarteestimulos.com.br\\\/wp-content\\\/uploads\\\/2023\\\/09\\\/cores-1-300x98-1.jpg&quot;},{&quot;id&quot;:86,&quot;url&quot;:&quot;https:\\\/\\\/neuroarteestimulos.com.br\\\/wp-content\\\/uploads\\\/2023\\\/09\\\/cores-2-300x98-1.jpg&quot;},{&quot;id&quot;:87,&quot;url&quot;:&quot;https:\\\/\\\/neuroarteestimulos.com.br\\\/wp-content\\\/uploads\\\/2023\\\/09\\\/cores-3-300x98-1.jpg&quot;},{&quot;id&quot;:88,&quot;url&quot;:&quot;https:\\\/\\\/neuroarteestimulos.com.br\\\/wp-content\\\/uploads\\\/2023\\\/09\\\/cores-4-300x98-1.jpg&quot;},{&quot;id&quot;:89,&quot;url&quot;:&quot;https:\\\/\\\/neuroarteestimulos.com.br\\\/wp-content\\\/uploads\\\/2023\\\/09\\\/cores-5-300x98-1.jpg&quot;}],&quot;background_slideshow_slide_transition&quot;:&quot;slide_left&quot;,&quot;background_slideshow_ken_burns&quot;:&quot;yes&quot;,&quot;background_slideshow_loop&quot;:&quot;yes&quot;,&quot;background_slideshow_slide_duration&quot;:5000,&quot;background_slideshow_transition_duration&quot;:500,&quot;background_slideshow_ken_burns_zoom_direction&quot;:&quot;in&quot;}\">\n\t\t\t\t\t<div class=\"e-con-inner\">\n\t\t\t\t<div class=\"elementor-element elementor-element-c07a185 elementor-widget elementor-widget-text-editor\" data-id=\"c07a185\" data-element_type=\"widget\" data-widget_type=\"text-editor.default\">\n\t\t\t\t<div class=\"elementor-widget-container\">\n\t\t\t\t\t\t\t\t\t<p>Somos o resultado de uma longa caminhada.<\/p>\t\t\t\t\t\t\t\t<\/div>\n\t\t\t\t<\/div>\n\t\t\t\t\t<\/div>\n\t\t\t\t<\/div>\n\t\t<div class=\"elementor-element elementor-element-680a2ad e-flex e-con-boxed e-con e-parent\" data-id=\"680a2ad\" data-element_type=\"container\">\n\t\t\t\t\t<div class=\"e-con-inner\">\n\t\t\t\t<div class=\"elementor-element elementor-element-11c2387 elementor-widget elementor-widget-heading\" data-id=\"11c2387\" data-element_type=\"widget\" data-widget_type=\"heading.default\">\n\t\t\t\t<div class=\"elementor-widget-container\">\n\t\t\t\t\t<h2 class=\"elementor-heading-title elementor-size-default\">Quem Somos\n<\/h2>\t\t\t\t<\/div>\n\t\t\t\t<\/div>\n\t\t\t\t<div class=\"elementor-element elementor-element-b8aab47 elementor-widget elementor-widget-text-editor\" data-id=\"b8aab47\" data-element_type=\"widget\" data-widget_type=\"text-editor.default\">\n\t\t\t\t<div class=\"elementor-widget-container\">\n\t\t\t\t\t\t\t\t\t<p>A mundo passa por diversas transforma\u00e7\u00f5es, em todas as \u00e1reas surgem conflitos, na educa\u00e7\u00e3o, no meio corporativo, nos grupos sociais e nos n\u00facleos familiares envolvendo assim as rela\u00e7\u00f5es interpessoais em todas as esferas da\u00a0conviv\u00eancia. Percebe-se assim, a necessidade de um ser humano mais criativo, mais conhecedor de seus potenciais e compet\u00eancias, com uma vis\u00e3o mais ampla e mais feliz sobre o mundo das coisas ante o processo da globaliza\u00e7\u00e3o, que sabe equilibrar o uso tecnologia e auto dom\u00ednio do fazer manual.<\/p><p>Para ativar um novo olhar e desenvolver novas compet\u00eancias nos indiv\u00edduos foi desenvolvida e aprimorada a Neuroarte Cogni\u00e7\u00e3o, que se vale para uma interven\u00e7\u00e3o de duas ricas ferramentas da arte, como desenho e pintura.<\/p><p>Indo al\u00e9m das fronteiras da arte, a Neuroarte Cogni\u00e7\u00e3o, aplica sua rica possibilidade como diagn\u00f3stico e interven\u00e7\u00e3o ante as mais variadas demandas do ser humano, auxiliando-o na conquista do autoconhecimento e o desenvolvimento do potencial humano latente, proporcionando-o uma vida integral, mais equilibrada e saud\u00e1vel.<\/p><p>A Neuroarte Cogni\u00e7\u00e3o atua em projetos que democratizam por interm\u00e9dio de um processo metodol\u00f3gico facilitador, ajudando todos, independente das denominadas habilidades inatas, desenvolverem de forma ostensiva seus potenciais latentes.<\/p>\t\t\t\t\t\t\t\t<\/div>\n\t\t\t\t<\/div>\n\t\t\t\t\t<\/div>\n\t\t\t\t<\/div>\n\t\t<div class=\"elementor-element elementor-element-cac1142 e-flex e-con-boxed e-con e-parent\" data-id=\"cac1142\" data-element_type=\"container\">\n\t\t\t\t\t<div class=\"e-con-inner\">\n\t\t\t\t<div class=\"elementor-element elementor-element-01e5d47 elementor-widget elementor-widget-heading\" data-id=\"01e5d47\" data-element_type=\"widget\" data-widget_type=\"heading.default\">\n\t\t\t\t<div class=\"elementor-widget-container\">\n\t\t\t\t\t<h2 class=\"elementor-heading-title elementor-size-default\">Miss\u00e3o\n<\/h2>\t\t\t\t<\/div>\n\t\t\t\t<\/div>\n\t\t\t\t<div class=\"elementor-element elementor-element-472048e elementor-widget elementor-widget-text-editor\" data-id=\"472048e\" data-element_type=\"widget\" data-widget_type=\"text-editor.default\">\n\t\t\t\t<div class=\"elementor-widget-container\">\n\t\t\t\t\t\t\t\t\t<p>Despertar o melhor do ser humano, transformando-o em um elemento mais realizado, mais feliz e integrado, capaz de oferecer o seu melhor para o desenvolvimento harm\u00f4nico, equilibrado e mais justo do\u00a0nosso planeta. Deixando claro que todos somos capazes de brilhar.<\/p>\t\t\t\t\t\t\t\t<\/div>\n\t\t\t\t<\/div>\n\t\t\t\t\t<\/div>\n\t\t\t\t<\/div>\n\t\t<div class=\"elementor-element elementor-element-c0a8e6d e-flex e-con-boxed e-con e-parent\" data-id=\"c0a8e6d\" data-element_type=\"container\">\n\t\t\t\t\t<div class=\"e-con-inner\">\n\t\t\t\t<div class=\"elementor-element elementor-element-ca946e5 elementor-widget elementor-widget-heading\" data-id=\"ca946e5\" data-element_type=\"widget\" data-widget_type=\"heading.default\">\n\t\t\t\t<div class=\"elementor-widget-container\">\n\t\t\t\t\t<h2 class=\"elementor-heading-title elementor-size-default\">P\u00fablico Alvo\n<\/h2>\t\t\t\t<\/div>\n\t\t\t\t<\/div>\n\t\t\t\t<div class=\"elementor-element elementor-element-c319ef5 elementor-widget elementor-widget-text-editor\" data-id=\"c319ef5\" data-element_type=\"widget\" data-widget_type=\"text-editor.default\">\n\t\t\t\t<div class=\"elementor-widget-container\">\n\t\t\t\t\t\t\t\t\t<p>Institui\u00e7\u00f5es do setor p\u00fablico e privado. Fazendo interven\u00e7\u00f5es em grupos e individuais, em todas as faixas et\u00e1rias. No campo de treinamento, forma\u00e7\u00e3o, aprimoramento e sa\u00fade neuro emocional.<\/p>\t\t\t\t\t\t\t\t<\/div>\n\t\t\t\t<\/div>\n\t\t\t\t\t<\/div>\n\t\t\t\t<\/div>\n\t\t<div class=\"elementor-element elementor-element-f2926f2 e-flex e-con-boxed e-con e-parent\" data-id=\"f2926f2\" data-element_type=\"container\">\n\t\t\t\t\t<div class=\"e-con-inner\">\n\t\t\t\t<div class=\"elementor-element elementor-element-bb0610a elementor-widget elementor-widget-heading\" data-id=\"bb0610a\" data-element_type=\"widget\" data-widget_type=\"heading.default\">\n\t\t\t\t<div class=\"elementor-widget-container\">\n\t\t\t\t\t<h2 class=\"elementor-heading-title elementor-size-default\">Parcerias\n<\/h2>\t\t\t\t<\/div>\n\t\t\t\t<\/div>\n\t\t\t\t<div class=\"elementor-element elementor-element-4c6e596 elementor-widget elementor-widget-text-editor\" data-id=\"4c6e596\" data-element_type=\"widget\" data-widget_type=\"text-editor.default\">\n\t\t\t\t<div class=\"elementor-widget-container\">\n\t\t\t\t\t\t\t\t\t<ul><li>Funda\u00e7\u00e3o de Neurologia e Neurocirurgia\/ Instituto do C\u00e9rebro da Bahia<\/li><li>ComCi\u00eancia Conex\u00e3o Brasil Alemanha<\/li><li>Afflorar Cor e Forma<\/li><li>Ecarte Vilas- Espa\u00e7o Criativo de Artes\/Lauro de Freitas\/BA<\/li><li>Centro Cultural Vila dos Lobos\/Vila Velha\/ES<\/li><li>Atelier de Artes &amp; Terapias\/ Rio de Janeiro\/RJ<\/li><\/ul>\t\t\t\t\t\t\t\t<\/div>\n\t\t\t\t<\/div>\n\t\t\t\t\t<\/div>\n\t\t\t\t<\/div>\n\t\t\t\t<\/div>\n\t\t","protected":false},"excerpt":{"rendered":"<p>Sobre Somos o resultado de uma longa caminhada. Quem Somos A mundo passa por diversas transforma\u00e7\u00f5es, em todas as \u00e1reas surgem conflitos, na educa\u00e7\u00e3o, no meio corporativo, nos grupos sociais &#8230;<\/p>\n","protected":false},"author":1,"featured_media":0,"parent":0,"menu_order":0,"comment_status":"closed","ping_status":"closed","template":"","meta":{"footnotes":""},"class_list":["post-19","page","type-page","status-publish","hentry"],"aioseo_notices":[],"_links":{"self":[{"href":"https:\/\/neuroarteestimulos.com.br\/index.php?rest_route=\/wp\/v2\/pages\/19","targetHints":{"allow":["GET"]}}],"collection":[{"href":"https:\/\/neuroarteestimulos.com.br\/index.php?rest_route=\/wp\/v2\/pages"}],"about":[{"href":"https:\/\/neuroarteestimulos.com.br\/index.php?rest_route=\/wp\/v2\/types\/page"}],"author":[{"embeddable":true,"href":"https:\/\/neuroarteestimulos.com.br\/index.php?rest_route=\/wp\/v2\/users\/1"}],"replies":[{"embeddable":true,"href":"https:\/\/neuroarteestimulos.com.br\/index.php?rest_route=%2Fwp%2Fv2%2Fcomments&post=19"}],"version-history":[{"count":28,"href":"https:\/\/neuroarteestimulos.com.br\/index.php?rest_route=\/wp\/v2\/pages\/19\/revisions"}],"predecessor-version":[{"id":325,"href":"https:\/\/neuroarteestimulos.com.br\/index.php?rest_route=\/wp\/v2\/pages\/19\/revisions\/325"}],"wp:attachment":[{"href":"https:\/\/neuroarteestimulos.com.br\/index.php?rest_route=%2Fwp%2Fv2%2Fmedia&parent=19"}],"curies":[{"name":"wp","href":"https:\/\/api.w.org\/{rel}","templated":true}]}}